{"id":2384,"date":"2016-02-17T13:16:16","date_gmt":"2016-02-17T12:16:16","guid":{"rendered":"http:\/\/www.ulucz.org\/?page_id=2384"},"modified":"2016-02-17T13:16:16","modified_gmt":"2016-02-17T12:16:16","slug":"o-uluczu","status":"publish","type":"page","link":"http:\/\/www.ulucz.org\/?page_id=2384","title":{"rendered":"O Uluczu"},"content":{"rendered":"<p>Ulucz &#8211; osada w Polsce po\u0142o\u017cona w wojew\u00f3dztwie podkarpackim, w powiecie brzozowskim, w gminie Dydnia, nad rzek\u0105 San. Wie\u015b po raz pierwszy wspomniana w dokumencie z roku 1373 jako Ulicz. W roku 1870 wie\u015b liczy\u0142a 1342 Rusin\u00f3w, 98 Polak\u00f3w oraz 181 \u017byd\u00f3w. Do 1944 by\u0142o we wsi 400 gospodarstw oraz 2040 mieszka\u0144c\u00f3w (1620 Ukrai\u0144c\u00f3w). W latach 1945-1947 w Uluczu dochodzi do walk pomi\u0119dzy UPA a WP. W maju 1946 WP spali\u0142o ok 300 dom\u00f3w oraz wysiedli\u0142o 1000 os\u00f3b na Ukrain\u0119. Nast\u0119pnie w roku 1947 dochodzi do ca\u0142kowitego zniszczenia wioski. 28 kwietnia 1947 r. pozostali, ok. 550 mieszka\u0144c\u00f3w Ulucza zosta\u0142o przesiedlonych i rozproszonych w ramach Akcji \u201eWis\u0142a\u201d, ze starej wsi pozosta\u0142 tylko jeden dom, cmentarz oraz Cerkiew Wniebowst\u0105pienia Pa\u0144skiego z (15107-1659) w Uluczu na g\u00f3rze D\u0119bnik (344m n.p.m.)<\/p>\n<p>\u0423\u043b\u044e\u0447 &#8211; \u0423\u043b\u044e\u0447 &#8211; \u0441\u0435\u043b\u043e \u0432 \u041f\u043e\u043b\u044c\u0449\u0456, \u0440\u043e\u0437\u0442\u0430\u0448\u043e\u0432\u0430\u043d\u0435 \u0432 \u041f\u0456\u0434\u043a\u0430\u0440\u043f\u0430\u0442\u0441\u044c\u043a\u043e\u043c\u0443 \u0432\u043e\u0454\u0432\u0456\u0434\u0441\u0442\u0432\u0456, \u0432 \u043f\u043e\u0432\u0456\u0442\u0456 \u0411\u0436\u043e\u0437\u0443\u0432, \u0433\u043c\u0456\u043d\u0430 \u0414\u0438\u0434\u043d\u044f, \u043d\u0430 \u0440\u0456\u0447\u0446\u0456 \u0421\u044f\u043d. \u041f\u0440\u043e \u0441\u0435\u043b\u043e \u0432\u043f\u0435\u0440\u0448\u0435 \u0437\u0433\u0430\u0434\u0443\u0454\u0442\u044c\u0441\u044f \u0432 \u0434\u043e\u043a\u0443\u043c\u0435\u043d\u0442\u0456 \u0437 1373 \u0440, \u043f\u0456\u0434 \u043d\u0430\u0437\u0432\u043e\u044e \u0423\u043b\u0456\u0447. \u0423 1870 \u0440\u043e\u0446\u0456 \u0432 \u0441\u0435\u043b\u0456 \u0436\u0438\u043b\u043e 1342 \u0440\u0443\u0441\u0438\u043d\u0456\u0432, 98 \u043f\u043e\u043b\u044f\u043a\u0456\u0432 \u0456 181 \u0454\u0432\u0440\u0435\u0457\u0432. \u0414\u043e 1944 \u0440\u043e\u043a\u0443 \u0432 \u0441\u0435\u043b\u0456 \u0431\u0443\u043b\u043e 400 \u0434\u043e\u043c\u0430\u0448\u043d\u0456\u0445 \u0433\u043e\u0441\u043f\u043e\u0434\u0430\u0440\u0441\u0442\u0432 \u0456 2040 \u0436\u0438\u0442\u0435\u043b\u0456\u0432 (1620 \u0443\u043a\u0440\u0430\u0457\u043d\u0446\u0456\u0432).\u0423 1945-1947 \u0440\u043e\u043a\u0430\u0445 \u0432 \u0423\u043b\u044e\u0447\u0438 \u0432\u0435\u043b\u0430\u0441\u044c \u0431\u043e\u0440\u043e\u0442\u044c\u0431\u0430 \u043c\u0456\u0436 \u0423\u041f\u0410 \u0442\u0430 \u041f\u043e\u043b\u044c\u0441\u044c\u043a\u0438\u043c \u0412\u0456\u0439\u0441\u044c\u043a\u043e\u043c (WP). \u0423 \u0442\u0440\u0430\u0432\u043d\u0456 1946 \u0440\u043e\u043a\u0443 \u043f\u043e\u043b\u044c\u0441\u044c\u043a\u0435 \u0432\u0456\u0439\u0441\u044c\u043a\u043e \u0441\u043f\u0430\u043b\u0438\u043b\u043e \u0431\u043b\u0438\u0437\u044c\u043a\u043e 300 \u0431\u0443\u0434\u0438\u043d\u043a\u0456\u0432 \u0430 1000 \u043b\u044e\u0434\u0435\u0439 \u0432\u0438\u0441\u0435\u043b\u0435\u043d\u043e \u0432 \u0423\u043a\u0440\u0430\u0457\u043d\u0443. \u0412 1947 \u0440\u043e\u0446\u0456 \u043f\u043e\u043b\u044c\u0441\u044c\u043a\u0438\u043c \u0432\u0456\u0439\u0441\u044c\u043a\u043e\u043c \u0432\u043f\u043e\u0432\u043d\u0456 \u0437\u043d\u0438\u0449\u0435\u043d\u043e \u0441\u0435\u043b\u043e.28 \u043a\u0432\u0456\u0442\u043d\u044f 1947\u0440. \u0431\u0456\u043b\u044f 550 \u0436\u0438\u0442\u0435\u043b\u0456\u0432 \u0423\u043b\u044e\u0447\u0430 \u043f\u0435\u0440\u0435\u0441\u0435\u043b\u0435\u043d\u043e \u0433\u043e\u0440\u0435\u0437\u0432\u0456\u0441\u043d\u043e\u044e \u0430\u043a\u0446\u0456\u0454\u044e &#8222;\u0412\u0456\u0441\u043b\u0430&#8221;\u043d\u0430 \u0437\u0430\u0445\u0456\u0434 \u0442\u0430 \u043f\u0456\u0432\u043d\u0456\u0447 \u041f\u043e\u043b\u044c\u0449\u0456. \u041d\u0430 \u0437\u0433\u043e\u0440\u0438\u0449\u0430\u0445 \u0441\u0435\u043b\u0430 \u0437\u0430\u043b\u0438\u0448\u0438\u0432\u0441\u044f \u0442\u0456\u043b\u044c\u043a\u0438 \u043e\u0434\u0438\u043d \u0431\u0443\u0434\u0438\u043d\u043e\u043a, \u0446\u0432\u0438\u043d\u0442\u0430\u0440 \u0456 \u0446\u0435\u0440\u043a\u0432\u0430 \u0412\u043e\u0437\u043d\u0435\u0441\u0456\u043d\u043d\u044f \u0425\u0440\u0438\u0441\u0442\u043e\u0432\u043e\u0433\u043e \u0437 (15107-1659) \u043d\u0430 \u0433\u043e\u0440\u0456 \u0414\u0443\u0431\u043d\u0438\u043a (344 \u043c \u043d\u0430\u0434 \u0440\u0456\u0432\u043d\u0435\u043c \u043c\u043e\u0440\u044f).<\/p>\n<p>Ulucz-(oo-loo-ch) &#8211; is a village on the river San in the administrative district of Gmina Dydnia, within Brzoz\u00f3w County, Subcarpathian Voivodeship, in south-eastern Poland.<br \/>\nThe village is first mentioned in a document from the year 1373 as \u201eUlicz\u201d. In 1870 the village had 1342 Rusyns, 98 Poles and 181 Jews. Until 1944 there were 400 households and 2,040 residents (1,620 Ukrainians). In the period 1945-1947 in Ulicz, battles took place between the UPA (Ukrainian Insurgent Army) and the Polish Army. In May 1946, the majority of houses (300) were burned and 1000 people were deported to Ukraine by \u201ethe Polish Army\u201d. In 1947, the village was completely destroyed. On April 28, 1947, the rest of the village residents (550) were expelled and resettled under the Operation Vistula to the areas formerly owned by the Germans.<br \/>\nToday, Ulucz is the location of the oldest (15107-1659) wooden \u201etserkva\u201d &#8211; Ukrainian Orthodox Church named the Ascension of Our Lord located on the top of the hill \u201eD\u0119bnik\u201d (344m asl).<\/p>\n<p>&nbsp;<\/p>\n","protected":false},"excerpt":{"rendered":"<p>Ulucz &#8211; osada w Polsce po\u0142o\u017cona w wojew\u00f3dztwie podkarpackim, w powiecie brzozowskim, w gminie Dydnia, nad rzek\u0105 San. Wie\u015b po raz pierwszy wspomniana w dokumencie z roku 1373 jako Ulicz. W roku 1870 wie\u015b liczy\u0142a 1342 Rusin\u00f3w, 98 Polak\u00f3w oraz 181 \u017byd\u00f3w. Do 1944 by\u0142o we wsi 400 gospodarstw oraz 2040 mieszka\u0144c\u00f3w (1620 Ukrai\u0144c\u00f3w). W &hellip; <\/p>\n<p><a class=\"more-link btn\" href=\"http:\/\/www.ulucz.org\/?page_id=2384\">Czytaj dalej<\/a><\/p>\n","protected":false},"author":1,"featured_media":0,"parent":0,"menu_order":0,"comment_status":"closed","ping_status":"closed","template":"","meta":{"ngg_post_thumbnail":0,"footnotes":""},"class_list":["post-2384","page","type-page","status-publish","hentry","nodate","item-wrap"],"aioseo_notices":[],"_links":{"self":[{"href":"http:\/\/www.ulucz.org\/index.php?rest_route=\/wp\/v2\/pages\/2384","targetHints":{"allow":["GET"]}}],"collection":[{"href":"http:\/\/www.ulucz.org\/index.php?rest_route=\/wp\/v2\/pages"}],"about":[{"href":"http:\/\/www.ulucz.org\/index.php?rest_route=\/wp\/v2\/types\/page"}],"author":[{"embeddable":true,"href":"http:\/\/www.ulucz.org\/index.php?rest_route=\/wp\/v2\/users\/1"}],"replies":[{"embeddable":true,"href":"http:\/\/www.ulucz.org\/index.php?rest_route=%2Fwp%2Fv2%2Fcomments&post=2384"}],"version-history":[{"count":1,"href":"http:\/\/www.ulucz.org\/index.php?rest_route=\/wp\/v2\/pages\/2384\/revisions"}],"predecessor-version":[{"id":2385,"href":"http:\/\/www.ulucz.org\/index.php?rest_route=\/wp\/v2\/pages\/2384\/revisions\/2385"}],"wp:attachment":[{"href":"http:\/\/www.ulucz.org\/index.php?rest_route=%2Fwp%2Fv2%2Fmedia&parent=2384"}],"curies":[{"name":"wp","href":"https:\/\/api.w.org\/{rel}","templated":true}]}}