{"id":2387,"date":"2016-03-09T10:54:27","date_gmt":"2016-03-09T09:54:27","guid":{"rendered":"http:\/\/www.ulucz.org\/?page_id=2387"},"modified":"2022-07-25T10:08:40","modified_gmt":"2022-07-25T08:08:40","slug":"drzewa-genealogiczne","status":"publish","type":"page","link":"http:\/\/www.ulucz.org\/?page_id=2387","title":{"rendered":"Drzewa genealogiczne"},"content":{"rendered":"<p>W celu uzyskania has\u0142a prosz\u0119 skontaktowa\u0107 si\u0119 z Administratorem poprzez <a href=\"http:\/\/www.ulucz.org\/?page_id=311\">formularz kontaktowy<br \/>\n<\/a>Rekomendowana aplikacja do dekompresji pliku: <a href=\"http:\/\/7-zip.org.pl\/\">7zip<\/a><\/p>\n<ul style=\"list-style-type: square;\">\n<li><a href=\"http:\/\/www.ulucz.org\/wp-content\/uploads\/trees\/Badyra.zip\">Badyra<\/a><\/li>\n<li><a href=\"http:\/\/www.ulucz.org\/wp-content\/uploads\/trees\/Badyrka.zip\">Badyrka<\/a><\/li>\n<li><a href=\"http:\/\/www.ulucz.org\/wp-content\/uploads\/trees\/Bagan.zip\">Bagan<\/a><\/li>\n<li><a href=\"http:\/\/www.ulucz.org\/wp-content\/uploads\/trees\/Baranik.zip\">Baranik<\/a><\/li>\n<li><a href=\"http:\/\/www.ulucz.org\/wp-content\/uploads\/trees\/Bury.zip\">Bury<\/a><\/li>\n<li><a href=\"http:\/\/www.ulucz.org\/wp-content\/uploads\/trees\/Charydczak.zip\">Charydczak<\/a><\/li>\n<li><a href=\"http:\/\/www.ulucz.org\/wp-content\/uploads\/trees\/Cholewka.zip\">Cholewka<\/a><\/li>\n<li><a href=\"http:\/\/www.ulucz.org\/wp-content\/uploads\/trees\/Choma.zip\">Choma<\/a><\/li>\n<li><a href=\"http:\/\/www.ulucz.org\/wp-content\/uploads\/trees\/Chuchra.zip\">Chuchra<\/a><\/li>\n<li><a href=\"http:\/\/www.ulucz.org\/wp-content\/uploads\/trees\/Cyklinski.zip\">Cykli\u0144ski<\/a><\/li>\n<li><a href=\"http:\/\/www.ulucz.org\/wp-content\/uploads\/trees\/Czarnecki.zip\">Czarnecki<\/a><\/li>\n<li><a href=\"http:\/\/www.ulucz.org\/wp-content\/uploads\/trees\/Czebieniak.zip\">Czebieniak<\/a><\/li>\n<li><a href=\"http:\/\/www.ulucz.org\/wp-content\/uploads\/trees\/Dobrzanski.zip\">Dobrza\u0144ski<\/a><\/li>\n<li><a href=\"http:\/\/www.ulucz.org\/wp-content\/uploads\/trees\/Dorocki.zip\">Dorocki<\/a><\/li>\n<li><a href=\"http:\/\/www.ulucz.org\/wp-content\/uploads\/trees\/Dziubakiewicz.zip\">Dziubakiewicz<\/a><\/li>\n<li><a href=\"http:\/\/www.ulucz.org\/wp-content\/uploads\/trees\/Filip.zip\">Filip<\/a><\/li>\n<li><a href=\"http:\/\/www.ulucz.org\/wp-content\/uploads\/trees\/Gankiewicz.zip\">Gankiewicz<\/a><\/li>\n<li><a href=\"http:\/\/www.ulucz.org\/wp-content\/uploads\/trees\/Gbur.zip\">Gbur<\/a><\/li>\n<li><a href=\"http:\/\/www.ulucz.org\/wp-content\/uploads\/trees\/Gulaczok.zip\">Gulaczok<\/a><\/li>\n<li><a href=\"http:\/\/www.ulucz.org\/wp-content\/uploads\/trees\/Hatala.zip\">Hata\u0142a<\/a><\/li>\n<li><a href=\"http:\/\/www.ulucz.org\/wp-content\/uploads\/trees\/Hondzio.zip\">Hondzio<\/a><\/li>\n<li><a href=\"http:\/\/www.ulucz.org\/wp-content\/uploads\/trees\/Husak.zip\">Husak<\/a><\/li>\n<li><a href=\"http:\/\/www.ulucz.org\/wp-content\/uploads\/trees\/Iwanicki.zip\">Iwanicki<\/a><\/li>\n<li><a href=\"http:\/\/www.ulucz.org\/wp-content\/uploads\/trees\/Jasinski.zip\">Jasi\u0144ski<\/a><\/li>\n<li><a href=\"http:\/\/www.ulucz.org\/wp-content\/uploads\/trees\/Jawornicki.zip\">Jawornicki<\/a><\/li>\n<li><a href=\"http:\/\/www.ulucz.org\/wp-content\/uploads\/trees\/Juchnik.zip\">Juchnik<\/a><\/li>\n<li><a href=\"http:\/\/www.ulucz.org\/wp-content\/uploads\/trees\/Kibala.zip\">Kiba\u0142a<\/a><\/li>\n<li><a href=\"http:\/\/www.ulucz.org\/wp-content\/uploads\/trees\/Klim.zip\">Klim<\/a><\/li>\n<li><a href=\"http:\/\/www.ulucz.org\/wp-content\/uploads\/trees\/Klaczany.zip\">K\u0142aczany<\/a><\/li>\n<li><a href=\"http:\/\/www.ulucz.org\/wp-content\/uploads\/trees\/Klysz.zip\">K\u0142ysz<\/a><\/li>\n<li><a href=\"http:\/\/www.ulucz.org\/wp-content\/uploads\/trees\/Kocan.zip\">Kocan<\/a><\/li>\n<li><a href=\"http:\/\/www.ulucz.org\/wp-content\/uploads\/trees\/Kocianski.zip\">Kocia\u0144ski<\/a><\/li>\n<li><a href=\"http:\/\/www.ulucz.org\/wp-content\/uploads\/trees\/Kocyla.zip\">Kocy\u0142a<\/a><\/li>\n<li><a href=\"http:\/\/www.ulucz.org\/wp-content\/uploads\/trees\/Kostewicz.zip\">Kostewicz<\/a><\/li>\n<li><a href=\"http:\/\/www.ulucz.org\/wp-content\/uploads\/trees\/Krajnik.zip\">Krajnik<\/a><\/li>\n<li><a href=\"http:\/\/www.ulucz.org\/wp-content\/uploads\/trees\/Kreczko.zip\">Kreczko<\/a><\/li>\n<li><a href=\"http:\/\/www.ulucz.org\/wp-content\/uploads\/trees\/Krowiak.zip\">Krowiak<\/a><\/li>\n<li><a href=\"http:\/\/www.ulucz.org\/wp-content\/uploads\/trees\/Kulyk.zip\">Ku\u0142yk<\/a><\/li>\n<li><a href=\"http:\/\/www.ulucz.org\/wp-content\/uploads\/trees\/Lewicki.zip\">Lewicki<\/a><\/li>\n<li><a href=\"http:\/\/www.ulucz.org\/wp-content\/uploads\/trees\/Lach.zip\">\u0141ach<\/a><\/li>\n<li><a href=\"http:\/\/www.ulucz.org\/wp-content\/uploads\/trees\/Lewkowicz.zip\">Lewkowicz<\/a><\/li>\n<li><a href=\"http:\/\/www.ulucz.org\/wp-content\/uploads\/trees\/Milczanowski.zip\">Milczanowski<\/a><\/li>\n<li><a href=\"http:\/\/www.ulucz.org\/wp-content\/uploads\/trees\/Mnich.zip\">Mnich<\/a><\/li>\n<li><a href=\"http:\/\/www.ulucz.org\/wp-content\/uploads\/trees\/Morajko.zip\">Morajko<\/a><\/li>\n<li><a href=\"http:\/\/www.ulucz.org\/wp-content\/uploads\/trees\/Moskal.zip\">Moskal<\/a><\/li>\n<li><a href=\"http:\/\/www.ulucz.org\/wp-content\/uploads\/trees\/Pawlowski.zip\">Paw\u0142owski<\/a><\/li>\n<li><a href=\"http:\/\/www.ulucz.org\/wp-content\/uploads\/trees\/Pietruszczak.zip\">Pietruszczak<\/a><\/li>\n<li><a href=\"http:\/\/www.ulucz.org\/wp-content\/uploads\/trees\/Podolak.zip\">Podolak<\/a><\/li>\n<li><a href=\"http:\/\/www.ulucz.org\/wp-content\/uploads\/trees\/Polanski.zip\">Polanski<\/a><\/li>\n<li><a href=\"http:\/\/www.ulucz.org\/wp-content\/uploads\/trees\/Poliwka.zip\">Poliwka<\/a><\/li>\n<li><a href=\"http:\/\/www.ulucz.org\/wp-content\/uploads\/trees\/Pufki.zip\">Pufki<\/a><\/li>\n<li><a href=\"http:\/\/www.ulucz.org\/wp-content\/uploads\/trees\/Rybczak.zip\">Rybczak<\/a><\/li>\n<li><a href=\"http:\/\/www.ulucz.org\/wp-content\/uploads\/trees\/Serednicki.zip\">Serednicki<\/a><\/li>\n<li><a href=\"http:\/\/www.ulucz.org\/wp-content\/uploads\/trees\/Slaby.zip\">S\u0142aby<\/a><\/li>\n<li><a href=\"http:\/\/www.ulucz.org\/wp-content\/uploads\/trees\/Solecki.zip\">Solecki<\/a><\/li>\n<li><a href=\"http:\/\/www.ulucz.org\/wp-content\/uploads\/trees\/Soltykiewicz.zip\">So\u0142tykiewicz<\/a><\/li>\n<li><a href=\"http:\/\/www.ulucz.org\/wp-content\/uploads\/trees\/Sosnicki.zip\">So\u015bnicki<\/a><\/li>\n<li><a href=\"http:\/\/www.ulucz.org\/wp-content\/uploads\/trees\/Szczurko.zip\">Szczurko<\/a><\/li>\n<li><a href=\"http:\/\/www.ulucz.org\/wp-content\/uploads\/trees\/Szlachtycz.zip\">Szlachtycz<\/a><\/li>\n<li><a href=\"http:\/\/www.ulucz.org\/wp-content\/uploads\/trees\/Tchir.zip\">Tchir<\/a><\/li>\n<li><a href=\"http:\/\/www.ulucz.org\/wp-content\/uploads\/trees\/Tylka.zip\">Tylka<\/a><\/li>\n<li><a href=\"http:\/\/www.ulucz.org\/wp-content\/uploads\/trees\/Uniatycki.zip\">Uniatycki<\/a><\/li>\n<li><a href=\"http:\/\/www.ulucz.org\/wp-content\/uploads\/trees\/Zielecki.zip\">Zielecki<\/a><\/li>\n<\/ul>\n","protected":false},"excerpt":{"rendered":"<p>W celu uzyskania has\u0142a prosz\u0119 skontaktowa\u0107 si\u0119 z Administratorem poprzez formularz kontaktowy Rekomendowana aplikacja do dekompresji pliku: 7zip Badyra Badyrka Bagan Baranik Bury Charydczak Cholewka Choma Chuchra Cykli\u0144ski Czarnecki Czebieniak Dobrza\u0144ski Dorocki Dziubakiewicz Filip Gankiewicz Gbur Gulaczok Hata\u0142a Hondzio Husak Iwanicki Jasi\u0144ski Jawornicki Juchnik Kiba\u0142a Klim K\u0142aczany K\u0142ysz Kocan Kocia\u0144ski Kocy\u0142a Kostewicz Krajnik Kreczko Krowiak &hellip; <\/p>\n<p><a class=\"more-link btn\" href=\"http:\/\/www.ulucz.org\/?page_id=2387\">Czytaj dalej<\/a><\/p>\n","protected":false},"author":1,"featured_media":0,"parent":0,"menu_order":0,"comment_status":"closed","ping_status":"closed","template":"","meta":{"ngg_post_thumbnail":0,"footnotes":""},"class_list":["post-2387","page","type-page","status-publish","hentry","nodate","item-wrap"],"aioseo_notices":[],"_links":{"self":[{"href":"http:\/\/www.ulucz.org\/index.php?rest_route=\/wp\/v2\/pages\/2387","targetHints":{"allow":["GET"]}}],"collection":[{"href":"http:\/\/www.ulucz.org\/index.php?rest_route=\/wp\/v2\/pages"}],"about":[{"href":"http:\/\/www.ulucz.org\/index.php?rest_route=\/wp\/v2\/types\/page"}],"author":[{"embeddable":true,"href":"http:\/\/www.ulucz.org\/index.php?rest_route=\/wp\/v2\/users\/1"}],"replies":[{"embeddable":true,"href":"http:\/\/www.ulucz.org\/index.php?rest_route=%2Fwp%2Fv2%2Fcomments&post=2387"}],"version-history":[{"count":22,"href":"http:\/\/www.ulucz.org\/index.php?rest_route=\/wp\/v2\/pages\/2387\/revisions"}],"predecessor-version":[{"id":2809,"href":"http:\/\/www.ulucz.org\/index.php?rest_route=\/wp\/v2\/pages\/2387\/revisions\/2809"}],"wp:attachment":[{"href":"http:\/\/www.ulucz.org\/index.php?rest_route=%2Fwp%2Fv2%2Fmedia&parent=2387"}],"curies":[{"name":"wp","href":"https:\/\/api.w.org\/{rel}","templated":true}]}}